{"id":782,"date":"2023-03-03T10:48:59","date_gmt":"2023-03-03T10:48:59","guid":{"rendered":"https:\/\/methodconsulting.me\/?page_id=782"},"modified":"2025-06-12T10:12:29","modified_gmt":"2025-06-12T10:12:29","slug":"recruitment","status":"publish","type":"page","link":"https:\/\/methodconsulting.me\/cg\/recruitment\/","title":{"rendered":"Zapo\u0161ljavanje"},"content":{"rendered":"<div data-elementor-type=\"wp-page\" data-elementor-id=\"782\" class=\"elementor elementor-782\">\n\t\t\t\t\t\t<section class=\"has_eae_slider elementor-section elementor-top-section elementor-element elementor-element-f68e776 elementor-section-height-min-height elementor-section-boxed elementor-section-height-default elementor-section-items-middle\" data-id=\"f68e776\" data-element_type=\"section\" data-settings=\"{&quot;background_background&quot;:&quot;classic&quot;}\">\n\t\t\t\t\t\t\t<div class=\"elementor-background-overlay\"><\/div>\n\t\t\t\t\t\t\t<div class=\"elementor-container elementor-column-gap-default\">\n\t\t\t\t\t<div class=\"has_eae_slider elementor-column elementor-col-100 elementor-top-column elementor-element elementor-element-f85e545\" data-id=\"f85e545\" data-element_type=\"column\">\n\t\t\t<div class=\"elementor-widget-wrap elementor-element-populated\">\n\t\t\t\t\t\t<div class=\"elementor-element elementor-element-b8bad36 elementor-widget elementor-widget-heading\" data-id=\"b8bad36\" data-element_type=\"widget\" data-widget_type=\"heading.default\">\n\t\t\t\t<div class=\"elementor-widget-container\">\n\t\t\t\t\t<h2 class=\"elementor-heading-title elementor-size-default\">Zapo\u0161ljavanje<\/h2>\t\t\t\t<\/div>\n\t\t\t\t<\/div>\n\t\t\t\t\t<\/div>\n\t\t<\/div>\n\t\t\t\t\t<\/div>\n\t\t<\/section>\n\t\t\t\t<section class=\"has_eae_slider elementor-section elementor-top-section elementor-element elementor-element-7c02304 elementor-section-full_width elementor-section-height-default elementor-section-height-default\" data-id=\"7c02304\" data-element_type=\"section\">\n\t\t\t\t\t\t<div class=\"elementor-container elementor-column-gap-default\">\n\t\t\t\t\t<div class=\"has_eae_slider elementor-column elementor-col-100 elementor-top-column elementor-element elementor-element-c03447b\" data-id=\"c03447b\" data-element_type=\"column\">\n\t\t\t<div class=\"elementor-widget-wrap elementor-element-populated\">\n\t\t\t\t\t\t<div class=\"elementor-element elementor-element-a16c023 elementor-widget elementor-widget-text-editor\" data-id=\"a16c023\" data-element_type=\"widget\" data-widget_type=\"text-editor.default\">\n\t\t\t\t<div class=\"elementor-widget-container\">\n\t\t\t\t\t\t\t\t\t<p><span dir=\"ltr\" role=\"presentation\">Tokom svoje faze rasta, oko 64% preduze\u0107a prepoznaje <\/span><span dir=\"ltr\" role=\"presentation\">substantial time and resources needed for hiring. <strong>Method Consulting<\/strong> is <\/span><span dir=\"ltr\" role=\"presentation\">opremljen da upravlja \u010ditavim procesom zapo\u0161ljavanja i nesmetano <\/span><span dir=\"ltr\" role=\"presentation\">gradi organizaciju svakog klijenta.<\/span><\/p><p>Koristimo vrhunske metode zapo\u0161ljavanja, uklju\u010duju\u0107i oglase za posao na relevantnim portalima i medijima. Pored toga, koristimo na\u0161u opse\u017enu bazu podataka, koja se sastoji od preko 10.000 pojedinaca.<\/p><p>\u017deleli bismo da istaknemo zapo\u0161ljavanje me\u0111unarodnog osoblja, koje podsti\u010de saradnju izme\u0111u va\u0161e kompanije i globalne zajednice. Ovaj pristup zapo\u0161ljavanju posebno je privla\u010dan, izme\u0111u ostalog, u ugostiteljstvu i gra\u0111evinarstvu.<\/p><p>Na\u0161e dugogodi\u0161nje iskustvo u procesu zapo\u0161ljavanja \u0107e Vam pomo\u0107i u pronala\u017eenju kandidata, kao i u saradnji sa profesionalcima iz razli\u010ditih oblasti.<\/p>\t\t\t\t\t\t\t\t<\/div>\n\t\t\t\t<\/div>\n\t\t\t\t\t<\/div>\n\t\t<\/div>\n\t\t\t\t\t<\/div>\n\t\t<\/section>\n\t\t<div class=\"has_eae_slider elementor-element elementor-element-12e8fb2 e-flex e-con-boxed e-con e-parent\" data-id=\"12e8fb2\" data-element_type=\"container\" data-settings=\"{&quot;background_background&quot;:&quot;classic&quot;}\">\n\t\t\t\t\t<div class=\"e-con-inner\">\n\t\t\t\t<div class=\"elementor-element elementor-element-996d1e3 elementor-widget elementor-widget-heading\" data-id=\"996d1e3\" data-element_type=\"widget\" data-widget_type=\"heading.default\">\n\t\t\t\t<div class=\"elementor-widget-container\">\n\t\t\t\t\t<h2 class=\"elementor-heading-title elementor-size-default\">Pogledajte na\u0161e usluge!<\/h2>\t\t\t\t<\/div>\n\t\t\t\t<\/div>\n\t\t\t\t\t<\/div>\n\t\t\t\t<\/div>\n\t\t<div class=\"has_eae_slider elementor-element elementor-element-582efd4 e-con-full e-flex e-con e-parent\" data-id=\"582efd4\" data-element_type=\"container\">\n\t\t<div class=\"has_eae_slider elementor-element elementor-element-8a38bb3 e-con-full e-flex e-con e-child\" data-id=\"8a38bb3\" data-element_type=\"container\" data-settings=\"{&quot;background_background&quot;:&quot;classic&quot;}\">\n\t\t<div class=\"has_eae_slider elementor-element elementor-element-82793b5 e-con-full e-flex e-con e-child\" data-id=\"82793b5\" data-element_type=\"container\">\n\t\t\t\t<div class=\"elementor-element elementor-element-03937ed elementor-widget elementor-widget-image\" data-id=\"03937ed\" data-element_type=\"widget\" data-widget_type=\"image.default\">\n\t\t\t\t<div class=\"elementor-widget-container\">\n\t\t\t\t\t\t\t\t\t\t\t\t\t\t\t<img decoding=\"async\" width=\"143\" height=\"143\" src=\"https:\/\/methodconsulting.me\/wp-content\/uploads\/2023\/02\/Service-Pic-3.png\" class=\"attachment-large size-large wp-image-278\" alt=\"\" \/>\t\t\t\t\t\t\t\t\t\t\t\t\t\t\t<\/div>\n\t\t\t\t<\/div>\n\t\t\t\t<\/div>\n\t\t<div class=\"has_eae_slider elementor-element elementor-element-1e84533 e-con-full e-flex e-con e-child\" data-id=\"1e84533\" data-element_type=\"container\">\n\t\t\t\t<div class=\"elementor-element elementor-element-0f462e2 elementor-widget elementor-widget-heading\" data-id=\"0f462e2\" data-element_type=\"widget\" data-widget_type=\"heading.default\">\n\t\t\t\t<div class=\"elementor-widget-container\">\n\t\t\t\t\t<h2 class=\"elementor-heading-title elementor-size-default\">Strategija privla\u010denja talenata<\/h2>\t\t\t\t<\/div>\n\t\t\t\t<\/div>\n\t\t\t\t<div class=\"elementor-element elementor-element-9fa0d51 elementor-widget elementor-widget-text-editor\" data-id=\"9fa0d51\" data-element_type=\"widget\" data-widget_type=\"text-editor.default\">\n\t\t\t\t<div class=\"elementor-widget-container\">\n\t\t\t\t\t\t\t\t\t<p>Klju\u010dna delatnost grupe Method Consulting sa preko 10 godina iskustva<\/p>\t\t\t\t\t\t\t\t<\/div>\n\t\t\t\t<\/div>\n\t\t\t\t<div class=\"elementor-element elementor-element-3fecdf5 elementor-mobile-align-justify elementor-widget elementor-widget-button\" data-id=\"3fecdf5\" data-element_type=\"widget\" data-widget_type=\"button.default\">\n\t\t\t\t<div class=\"elementor-widget-container\">\n\t\t\t\t\t\t\t\t\t<div class=\"elementor-button-wrapper\">\n\t\t\t\t\t<a class=\"elementor-button elementor-button-link elementor-size-sm elementor-animation-shrink\" href=\"https:\/\/methodconsulting.me\/cg\/recruitment\/\">\n\t\t\t\t\t\t<span class=\"elementor-button-content-wrapper\">\n\t\t\t\t\t\t\t\t\t<span class=\"elementor-button-text\">Pogledajte vi\u0161e<\/span>\n\t\t\t\t\t<\/span>\n\t\t\t\t\t<\/a>\n\t\t\t\t<\/div>\n\t\t\t\t\t\t\t\t<\/div>\n\t\t\t\t<\/div>\n\t\t\t\t<\/div>\n\t\t\t\t<\/div>\n\t\t<div class=\"has_eae_slider elementor-element elementor-element-6b94d79 e-con-full e-flex e-con e-child\" data-id=\"6b94d79\" data-element_type=\"container\" data-settings=\"{&quot;background_background&quot;:&quot;classic&quot;}\">\n\t\t<div class=\"has_eae_slider elementor-element elementor-element-57a1a20 e-con-full e-flex e-con e-child\" data-id=\"57a1a20\" data-element_type=\"container\">\n\t\t\t\t<div class=\"elementor-element elementor-element-b23c351 elementor-widget elementor-widget-image\" data-id=\"b23c351\" data-element_type=\"widget\" data-widget_type=\"image.default\">\n\t\t\t\t<div class=\"elementor-widget-container\">\n\t\t\t\t\t\t\t\t\t\t\t\t\t\t\t<img fetchpriority=\"high\" decoding=\"async\" width=\"800\" height=\"534\" src=\"https:\/\/methodconsulting.me\/wp-content\/uploads\/2025\/06\/pexels-ivan-samkov-8117428-1024x683.jpg\" class=\"attachment-large size-large wp-image-3805\" alt=\"\" srcset=\"https:\/\/methodconsulting.me\/wp-content\/uploads\/2025\/06\/pexels-ivan-samkov-8117428-1024x683.jpg 1024w, https:\/\/methodconsulting.me\/wp-content\/uploads\/2025\/06\/pexels-ivan-samkov-8117428-300x200.jpg 300w, https:\/\/methodconsulting.me\/wp-content\/uploads\/2025\/06\/pexels-ivan-samkov-8117428-768x512.jpg 768w, https:\/\/methodconsulting.me\/wp-content\/uploads\/2025\/06\/pexels-ivan-samkov-8117428-1536x1025.jpg 1536w, https:\/\/methodconsulting.me\/wp-content\/uploads\/2025\/06\/pexels-ivan-samkov-8117428-2048x1366.jpg 2048w, https:\/\/methodconsulting.me\/wp-content\/uploads\/2025\/06\/pexels-ivan-samkov-8117428-18x12.jpg 18w\" sizes=\"(max-width: 800px) 100vw, 800px\" \/>\t\t\t\t\t\t\t\t\t\t\t\t\t\t\t<\/div>\n\t\t\t\t<\/div>\n\t\t\t\t<\/div>\n\t\t<div class=\"has_eae_slider elementor-element elementor-element-46ec834 e-con-full e-flex e-con e-child\" data-id=\"46ec834\" data-element_type=\"container\">\n\t\t\t\t<div class=\"elementor-element elementor-element-aab9acb elementor-widget elementor-widget-heading\" data-id=\"aab9acb\" data-element_type=\"widget\" data-widget_type=\"heading.default\">\n\t\t\t\t<div class=\"elementor-widget-container\">\n\t\t\t\t\t<h2 class=\"elementor-heading-title elementor-size-default\">Trening za menad\u017eere<\/h2>\t\t\t\t<\/div>\n\t\t\t\t<\/div>\n\t\t\t\t<div class=\"elementor-element elementor-element-8cb2d4c elementor-widget elementor-widget-text-editor\" data-id=\"8cb2d4c\" data-element_type=\"widget\" data-widget_type=\"text-editor.default\">\n\t\t\t\t<div class=\"elementor-widget-container\">\n\t\t\t\t\t\t\t\t\t<p>Razvoj li\u010dne efikasnosti vi\u0161ih i srednjih menad\u017eera na osnovu strukturiranog, pragmati\u010dnog i inovativnog pristupa<\/p>\t\t\t\t\t\t\t\t<\/div>\n\t\t\t\t<\/div>\n\t\t\t\t<div class=\"elementor-element elementor-element-654c8a8 elementor-mobile-align-justify elementor-widget elementor-widget-button\" data-id=\"654c8a8\" data-element_type=\"widget\" data-widget_type=\"button.default\">\n\t\t\t\t<div class=\"elementor-widget-container\">\n\t\t\t\t\t\t\t\t\t<div class=\"elementor-button-wrapper\">\n\t\t\t\t\t<a class=\"elementor-button elementor-button-link elementor-size-sm elementor-animation-shrink\" href=\"https:\/\/methodconsulting.me\/cg\/couches\/\">\n\t\t\t\t\t\t<span class=\"elementor-button-content-wrapper\">\n\t\t\t\t\t\t\t\t\t<span class=\"elementor-button-text\">Pogledajte vi\u0161e<\/span>\n\t\t\t\t\t<\/span>\n\t\t\t\t\t<\/a>\n\t\t\t\t<\/div>\n\t\t\t\t\t\t\t\t<\/div>\n\t\t\t\t<\/div>\n\t\t\t\t<\/div>\n\t\t\t\t<\/div>\n\t\t<div class=\"has_eae_slider elementor-element elementor-element-b0b588f e-con-full e-flex e-con e-child\" data-id=\"b0b588f\" data-element_type=\"container\" data-settings=\"{&quot;background_background&quot;:&quot;classic&quot;}\">\n\t\t<div class=\"has_eae_slider elementor-element elementor-element-a6275ec e-con-full e-flex e-con e-child\" data-id=\"a6275ec\" data-element_type=\"container\">\n\t\t\t\t<div class=\"elementor-element elementor-element-663a28e elementor-widget elementor-widget-image\" data-id=\"663a28e\" data-element_type=\"widget\" data-widget_type=\"image.default\">\n\t\t\t\t<div class=\"elementor-widget-container\">\n\t\t\t\t\t\t\t\t\t\t\t\t\t\t\t<img fetchpriority=\"high\" decoding=\"async\" width=\"800\" height=\"534\" src=\"https:\/\/methodconsulting.me\/wp-content\/uploads\/2025\/06\/pexels-ivan-samkov-8117428-1024x683.jpg\" class=\"attachment-large size-large wp-image-3805\" alt=\"\" srcset=\"https:\/\/methodconsulting.me\/wp-content\/uploads\/2025\/06\/pexels-ivan-samkov-8117428-1024x683.jpg 1024w, https:\/\/methodconsulting.me\/wp-content\/uploads\/2025\/06\/pexels-ivan-samkov-8117428-300x200.jpg 300w, https:\/\/methodconsulting.me\/wp-content\/uploads\/2025\/06\/pexels-ivan-samkov-8117428-768x512.jpg 768w, https:\/\/methodconsulting.me\/wp-content\/uploads\/2025\/06\/pexels-ivan-samkov-8117428-1536x1025.jpg 1536w, https:\/\/methodconsulting.me\/wp-content\/uploads\/2025\/06\/pexels-ivan-samkov-8117428-2048x1366.jpg 2048w, https:\/\/methodconsulting.me\/wp-content\/uploads\/2025\/06\/pexels-ivan-samkov-8117428-18x12.jpg 18w\" sizes=\"(max-width: 800px) 100vw, 800px\" \/>\t\t\t\t\t\t\t\t\t\t\t\t\t\t\t<\/div>\n\t\t\t\t<\/div>\n\t\t\t\t<\/div>\n\t\t<div class=\"has_eae_slider elementor-element elementor-element-09ca559 e-con-full e-flex e-con e-child\" data-id=\"09ca559\" data-element_type=\"container\">\n\t\t\t\t<div class=\"elementor-element elementor-element-68e4d40 elementor-widget elementor-widget-heading\" data-id=\"68e4d40\" data-element_type=\"widget\" data-widget_type=\"heading.default\">\n\t\t\t\t<div class=\"elementor-widget-container\">\n\t\t\t\t\t<h2 class=\"elementor-heading-title elementor-size-default\">Razvoj poslovne etike<\/h2>\t\t\t\t<\/div>\n\t\t\t\t<\/div>\n\t\t\t\t<div class=\"elementor-element elementor-element-2631b28 elementor-widget elementor-widget-text-editor\" data-id=\"2631b28\" data-element_type=\"widget\" data-widget_type=\"text-editor.default\">\n\t\t\t\t<div class=\"elementor-widget-container\">\n\t\t\t\t\t\t\t\t\t<p>Liderstvo \u2014 nije samo ve\u0161tina, ve\u0107 umetnost negovanja ljudi. Institut za vode\u0107u etiku bi\u0107e na\u0161 partner u na\u0161oj misiji da \u2014 motivi\u0161emo, stimuli\u0161emo i zapalimo plamen samodiscipline<\/p>\t\t\t\t\t\t\t\t<\/div>\n\t\t\t\t<\/div>\n\t\t\t\t<div class=\"elementor-element elementor-element-7cf3526 elementor-mobile-align-justify elementor-widget elementor-widget-button\" data-id=\"7cf3526\" data-element_type=\"widget\" data-widget_type=\"button.default\">\n\t\t\t\t<div class=\"elementor-widget-container\">\n\t\t\t\t\t\t\t\t\t<div class=\"elementor-button-wrapper\">\n\t\t\t\t\t<a class=\"elementor-button elementor-button-link elementor-size-sm elementor-animation-shrink\" href=\"https:\/\/methodconsulting.me\/cg\/kontakt\/\">\n\t\t\t\t\t\t<span class=\"elementor-button-content-wrapper\">\n\t\t\t\t\t\t\t\t\t<span class=\"elementor-button-text\">Pogledajte vi\u0161e<\/span>\n\t\t\t\t\t<\/span>\n\t\t\t\t\t<\/a>\n\t\t\t\t<\/div>\n\t\t\t\t\t\t\t\t<\/div>\n\t\t\t\t<\/div>\n\t\t\t\t<\/div>\n\t\t\t\t<\/div>\n\t\t<div class=\"has_eae_slider elementor-element elementor-element-f5c8936 e-con-full e-flex e-con e-child\" data-id=\"f5c8936\" data-element_type=\"container\" data-settings=\"{&quot;background_background&quot;:&quot;classic&quot;}\">\n\t\t<div class=\"has_eae_slider elementor-element elementor-element-f6cf1a8 e-con-full e-flex e-con e-child\" data-id=\"f6cf1a8\" data-element_type=\"container\">\n\t\t\t\t<div class=\"elementor-element elementor-element-b8cadf7 elementor-widget elementor-widget-image\" data-id=\"b8cadf7\" data-element_type=\"widget\" data-widget_type=\"image.default\">\n\t\t\t\t<div class=\"elementor-widget-container\">\n\t\t\t\t\t\t\t\t\t\t\t\t\t\t\t<img fetchpriority=\"high\" decoding=\"async\" width=\"800\" height=\"534\" src=\"https:\/\/methodconsulting.me\/wp-content\/uploads\/2025\/06\/pexels-ivan-samkov-8117428-1024x683.jpg\" class=\"attachment-large size-large wp-image-3805\" alt=\"\" srcset=\"https:\/\/methodconsulting.me\/wp-content\/uploads\/2025\/06\/pexels-ivan-samkov-8117428-1024x683.jpg 1024w, https:\/\/methodconsulting.me\/wp-content\/uploads\/2025\/06\/pexels-ivan-samkov-8117428-300x200.jpg 300w, https:\/\/methodconsulting.me\/wp-content\/uploads\/2025\/06\/pexels-ivan-samkov-8117428-768x512.jpg 768w, https:\/\/methodconsulting.me\/wp-content\/uploads\/2025\/06\/pexels-ivan-samkov-8117428-1536x1025.jpg 1536w, https:\/\/methodconsulting.me\/wp-content\/uploads\/2025\/06\/pexels-ivan-samkov-8117428-2048x1366.jpg 2048w, https:\/\/methodconsulting.me\/wp-content\/uploads\/2025\/06\/pexels-ivan-samkov-8117428-18x12.jpg 18w\" sizes=\"(max-width: 800px) 100vw, 800px\" \/>\t\t\t\t\t\t\t\t\t\t\t\t\t\t\t<\/div>\n\t\t\t\t<\/div>\n\t\t\t\t<\/div>\n\t\t<div class=\"has_eae_slider elementor-element elementor-element-244bb4d e-con-full e-flex e-con e-child\" data-id=\"244bb4d\" data-element_type=\"container\">\n\t\t\t\t<div class=\"elementor-element elementor-element-e464a8f elementor-widget elementor-widget-heading\" data-id=\"e464a8f\" data-element_type=\"widget\" data-widget_type=\"heading.default\">\n\t\t\t\t<div class=\"elementor-widget-container\">\n\t\t\t\t\t<h2 class=\"elementor-heading-title elementor-size-default\">Procena kandidata i zaposlenih<\/h2>\t\t\t\t<\/div>\n\t\t\t\t<\/div>\n\t\t\t\t<div class=\"elementor-element elementor-element-bf2a70f elementor-widget elementor-widget-text-editor\" data-id=\"bf2a70f\" data-element_type=\"widget\" data-widget_type=\"text-editor.default\">\n\t\t\t\t<div class=\"elementor-widget-container\">\n\t\t\t\t\t\t\t\t\t<p>Profesionalna procena pona\u0161anja, upravljanja, motivacionih i li\u010dnih kvaliteta<\/p>\t\t\t\t\t\t\t\t<\/div>\n\t\t\t\t<\/div>\n\t\t\t\t<div class=\"elementor-element elementor-element-8e669ba elementor-mobile-align-justify elementor-widget elementor-widget-button\" data-id=\"8e669ba\" data-element_type=\"widget\" data-widget_type=\"button.default\">\n\t\t\t\t<div class=\"elementor-widget-container\">\n\t\t\t\t\t\t\t\t\t<div class=\"elementor-button-wrapper\">\n\t\t\t\t\t<a class=\"elementor-button elementor-button-link elementor-size-sm elementor-animation-shrink\" href=\"https:\/\/methodconsulting.me\/cg\/kontakt\/\">\n\t\t\t\t\t\t<span class=\"elementor-button-content-wrapper\">\n\t\t\t\t\t\t\t\t\t<span class=\"elementor-button-text\">Pogledajte vi\u0161e<\/span>\n\t\t\t\t\t<\/span>\n\t\t\t\t\t<\/a>\n\t\t\t\t<\/div>\n\t\t\t\t\t\t\t\t<\/div>\n\t\t\t\t<\/div>\n\t\t\t\t<\/div>\n\t\t\t\t<\/div>\n\t\t<div class=\"has_eae_slider elementor-element elementor-element-95c5e55 e-con-full e-flex e-con e-child\" data-id=\"95c5e55\" data-element_type=\"container\" data-settings=\"{&quot;background_background&quot;:&quot;classic&quot;}\">\n\t\t<div class=\"has_eae_slider elementor-element elementor-element-e6c37f2 e-con-full e-flex e-con e-child\" data-id=\"e6c37f2\" data-element_type=\"container\">\n\t\t\t\t<div class=\"elementor-element elementor-element-d7a6f34 elementor-widget elementor-widget-image\" data-id=\"d7a6f34\" data-element_type=\"widget\" data-widget_type=\"image.default\">\n\t\t\t\t<div class=\"elementor-widget-container\">\n\t\t\t\t\t\t\t\t\t\t\t\t\t\t\t<img fetchpriority=\"high\" decoding=\"async\" width=\"800\" height=\"534\" src=\"https:\/\/methodconsulting.me\/wp-content\/uploads\/2025\/06\/pexels-ivan-samkov-8117428-1024x683.jpg\" class=\"attachment-large size-large wp-image-3805\" alt=\"\" srcset=\"https:\/\/methodconsulting.me\/wp-content\/uploads\/2025\/06\/pexels-ivan-samkov-8117428-1024x683.jpg 1024w, https:\/\/methodconsulting.me\/wp-content\/uploads\/2025\/06\/pexels-ivan-samkov-8117428-300x200.jpg 300w, https:\/\/methodconsulting.me\/wp-content\/uploads\/2025\/06\/pexels-ivan-samkov-8117428-768x512.jpg 768w, https:\/\/methodconsulting.me\/wp-content\/uploads\/2025\/06\/pexels-ivan-samkov-8117428-1536x1025.jpg 1536w, https:\/\/methodconsulting.me\/wp-content\/uploads\/2025\/06\/pexels-ivan-samkov-8117428-2048x1366.jpg 2048w, https:\/\/methodconsulting.me\/wp-content\/uploads\/2025\/06\/pexels-ivan-samkov-8117428-18x12.jpg 18w\" sizes=\"(max-width: 800px) 100vw, 800px\" \/>\t\t\t\t\t\t\t\t\t\t\t\t\t\t\t<\/div>\n\t\t\t\t<\/div>\n\t\t\t\t<\/div>\n\t\t<div class=\"has_eae_slider elementor-element elementor-element-0bb1ba7 e-con-full e-flex e-con e-child\" data-id=\"0bb1ba7\" data-element_type=\"container\">\n\t\t\t\t<div class=\"elementor-element elementor-element-5a7e630 elementor-widget elementor-widget-heading\" data-id=\"5a7e630\" data-element_type=\"widget\" data-widget_type=\"heading.default\">\n\t\t\t\t<div class=\"elementor-widget-container\">\n\t\t\t\t\t<h2 class=\"elementor-heading-title elementor-size-default\">Korporativni treninzi<\/h2>\t\t\t\t<\/div>\n\t\t\t\t<\/div>\n\t\t\t\t<div class=\"elementor-element elementor-element-f126754 elementor-widget elementor-widget-text-editor\" data-id=\"f126754\" data-element_type=\"widget\" data-widget_type=\"text-editor.default\">\n\t\t\t\t<div class=\"elementor-widget-container\">\n\t\t\t\t\t\t\t\t\t<p>Identifikacija kompetencija, strategija i vrednosti zaposlenih kako bi im se pomoglo da razviju svoje ve\u0161tine kako bi bolje ispunili svoje profesionalne uloge<\/p>\t\t\t\t\t\t\t\t<\/div>\n\t\t\t\t<\/div>\n\t\t\t\t<div class=\"elementor-element elementor-element-c48a7ad elementor-mobile-align-justify elementor-widget elementor-widget-button\" data-id=\"c48a7ad\" data-element_type=\"widget\" data-widget_type=\"button.default\">\n\t\t\t\t<div class=\"elementor-widget-container\">\n\t\t\t\t\t\t\t\t\t<div class=\"elementor-button-wrapper\">\n\t\t\t\t\t<a class=\"elementor-button elementor-button-link elementor-size-sm elementor-animation-shrink\" href=\"https:\/\/methodconsulting.me\/cg\/couches\/\">\n\t\t\t\t\t\t<span class=\"elementor-button-content-wrapper\">\n\t\t\t\t\t\t\t\t\t<span class=\"elementor-button-text\">Pogledajte vi\u0161e<\/span>\n\t\t\t\t\t<\/span>\n\t\t\t\t\t<\/a>\n\t\t\t\t<\/div>\n\t\t\t\t\t\t\t\t<\/div>\n\t\t\t\t<\/div>\n\t\t\t\t<\/div>\n\t\t\t\t<\/div>\n\t\t\t\t<\/div>\n\t\t<div class=\"has_eae_slider elementor-element elementor-element-4ce6402 e-con-full e-flex e-con e-parent\" data-id=\"4ce6402\" data-element_type=\"container\">\n\t\t<div class=\"has_eae_slider elementor-element elementor-element-81fe3a2 e-con-full e-flex e-con e-child\" data-id=\"81fe3a2\" data-element_type=\"container\" data-settings=\"{&quot;background_background&quot;:&quot;classic&quot;}\">\n\t\t\t\t<div class=\"elementor-element elementor-element-f814c06 elementor-widget elementor-widget-heading\" data-id=\"f814c06\" data-element_type=\"widget\" data-widget_type=\"heading.default\">\n\t\t\t\t<div class=\"elementor-widget-container\">\n\t\t\t\t\t<h2 class=\"elementor-heading-title elementor-size-default\">Kontaktirajte nas za vi\u0161e informacija!<\/h2>\t\t\t\t<\/div>\n\t\t\t\t<\/div>\n\t\t\t\t<div class=\"elementor-element elementor-element-e14cb53 elementor-widget__width-initial elementor-widget elementor-widget-text-editor\" data-id=\"e14cb53\" data-element_type=\"widget\" data-widget_type=\"text-editor.default\">\n\t\t\t\t<div class=\"elementor-widget-container\">\n\t\t\t\t\t\t\t\t\t<p>\u017delim da ostavim svoj CV<\/p>\t\t\t\t\t\t\t\t<\/div>\n\t\t\t\t<\/div>\n\t\t\t\t<div class=\"elementor-element elementor-element-f48f73d elementor-mobile-align-justify elementor-widget-mobile__width-inherit elementor-widget elementor-widget-button\" data-id=\"f48f73d\" data-element_type=\"widget\" data-widget_type=\"button.default\">\n\t\t\t\t<div class=\"elementor-widget-container\">\n\t\t\t\t\t\t\t\t\t<div class=\"elementor-button-wrapper\">\n\t\t\t\t\t<a class=\"elementor-button elementor-button-link elementor-size-sm\" href=\"https:\/\/methodconsulting.me\/cg\/kontakt\/\">\n\t\t\t\t\t\t<span class=\"elementor-button-content-wrapper\">\n\t\t\t\t\t\t\t\t\t<span class=\"elementor-button-text\">Contact us<\/span>\n\t\t\t\t\t<\/span>\n\t\t\t\t\t<\/a>\n\t\t\t\t<\/div>\n\t\t\t\t\t\t\t\t<\/div>\n\t\t\t\t<\/div>\n\t\t\t\t<\/div>\n\t\t\t\t<\/div>\n\t\t\t\t<\/div>","protected":false},"excerpt":{"rendered":"<p>Recruitment During their growth phase, about 64% of businesses recognize the substantial time and resources needed for hiring. Method Consulting is equipped to manage the entire recruitment process and smoothly incorporate it within each client&#8217;s organization. We employ top-notch recruitment methods, including job postings on relevant portals and media. Additionally, we tap into our extensive [&hellip;]<\/p>","protected":false},"author":2,"featured_media":0,"parent":0,"menu_order":0,"comment_status":"closed","ping_status":"closed","template":"","meta":{"footnotes":""},"class_list":["post-782","page","type-page","status-publish","hentry"],"_links":{"self":[{"href":"https:\/\/methodconsulting.me\/cg\/wp-json\/wp\/v2\/pages\/782","targetHints":{"allow":["GET"]}}],"collection":[{"href":"https:\/\/methodconsulting.me\/cg\/wp-json\/wp\/v2\/pages"}],"about":[{"href":"https:\/\/methodconsulting.me\/cg\/wp-json\/wp\/v2\/types\/page"}],"author":[{"embeddable":true,"href":"https:\/\/methodconsulting.me\/cg\/wp-json\/wp\/v2\/users\/2"}],"replies":[{"embeddable":true,"href":"https:\/\/methodconsulting.me\/cg\/wp-json\/wp\/v2\/comments?post=782"}],"version-history":[{"count":421,"href":"https:\/\/methodconsulting.me\/cg\/wp-json\/wp\/v2\/pages\/782\/revisions"}],"predecessor-version":[{"id":4046,"href":"https:\/\/methodconsulting.me\/cg\/wp-json\/wp\/v2\/pages\/782\/revisions\/4046"}],"wp:attachment":[{"href":"https:\/\/methodconsulting.me\/cg\/wp-json\/wp\/v2\/media?parent=782"}],"curies":[{"name":"wp","href":"https:\/\/api.w.org\/{rel}","templated":true}]}}